{"id":1871,"date":"2023-11-24T11:21:28","date_gmt":"2023-11-24T09:21:28","guid":{"rendered":"https:\/\/westinbuss.noordev.se\/hyra-buss-vasteras\/"},"modified":"2026-03-13T11:28:00","modified_gmt":"2026-03-13T09:28:00","slug":"rent-a-bus-in-vasteras","status":"publish","type":"page","link":"https:\/\/westinbuss.noordev.se\/en\/rent-a-bus-in-vasteras\/","title":{"rendered":"Rent a bus V\u00e4ster\u00e5s"},"content":{"rendered":"\n<section class=\"wp-block-noor-blocks-section nb-section position-relative\">\n<div class=\"wp-block-noor-blocks-container nb-container container\" style=\"background-image:url(https:\/\/westinbuss.noordev.se\/wp-content\/uploads\/2023\/11\/bg-header-2.png);background-repeat:no-repeat;background-size:cover;background-position:bottom\">\n<div class=\"wp-block-noor-blocks-row nb-row row justify-content-center\">\n<div class=\"wp-block-noor-blocks-column col nb-column col-12 col-md-8 col-lg-6\">\n<div class=\"wp-block-noor-blocks-group nb-group nb-group-div d-flex flex-column align-items-center d-lg-flex flex-lg-column row-gap-40 row-gap-md-48  py-64 pt-md-96 pb-md-64 py-lg-96\">\n<div class=\"wp-block-noor-blocks-group nb-group nb-group-div\">\n<h1 class=\"wp-block-noor-blocks-heading nb-heading nb-heading-h1 mb-24 mb-lg-32  text-sm-center underlined-heading underlined-heading__center\">Rent a bus in V\u00e4ster\u00e5s<\/h1>\n\n\n\n<p class=\"wp-block-noor-blocks-paragraph nb-paragraph  text-center\">Do you need to rent a bus in V\u00e4ster\u00e5s? We have choices for those looking for buses for both large and small groups. Whether you are planning a day trip to Stockholm or a longer trip to another city, we guarantee that you will reach your destination on time. With Westin Buss, you get comfortable and reliable transportation in V\u00e4ster\u00e5s and its surroundings.<\/p>\n<\/div>\n\n\n\n<div class=\"wp-block-noor-blocks-group nb-group nb-group-div d-flex column-gap-24\">\n<a href=\"\/en\/\" target=\"_self\" rel=\"noopener\" class=\"wp-block-noor-blocks-button nb-btn nb-btn-custom bg-primary column-gap-8  px-24 py-8 text-white bg-hover-primary-dark text-hover-white bg-active-primary-dark text-active-white has-hover-overlay-color has-active-overlay-color has-hover-overlay-opacity has-active-overlay-opacity\" style=\"--hover-overlay-color:white;--active-overlay-color:white;--hover-overlay-opacity:0%;--active-overlay-opacity:0%;border-radius:36px\"><span class=\"nb-button-overlay\"><\/span><span class=\"nb-btn-text\">Book a trip<\/span><\/a>\n<\/div>\n<\/div>\n<\/div>\n<\/div>\n<\/div>\n<\/section>\n\n\n\n<section class=\"wp-block-noor-blocks-section nb-section position-relative  mb-96 pt-64 fancy-cards\" id=\"fancy-cards\">\n<div class=\"wp-block-noor-blocks-container nb-container container\">\n<div class=\"wp-block-noor-blocks-row nb-row row justify-content-center\">\n<div class=\"wp-block-noor-blocks-column col nb-column col-12 col-md-10 col-lg-6\">\n<div class=\"wp-block-noor-blocks-group nb-group nb-group-div d-flex flex-column row-gap-32 row-gap-md-40  pb-48\">\n<div class=\"wp-block-noor-blocks-group nb-group nb-group-div\">\n<h2 class=\"wp-block-noor-blocks-heading nb-heading nb-heading-h2 mb-32  text-center underlined-heading underlined-heading__center\">About our buses<\/h2>\n\n\n\n<p class=\"has-text-align-center\">Our selection of buses ranges from minibuses to the very largest for over 55 passengers. Do you need a smooth airport transfer from V\u00e4ster\u00e5s Airport, or book a bus for a kick-off? Then we are sure to have a bus option that suits you. We are here to make your trip comfortable and hassle-free!<\/p>\n<\/div>\n<\/div>\n<\/div>\n<\/div>\n\n\n\n<div class=\"wp-block-noor-blocks-row nb-row row justify-content-center row-gap-20 row-gap-lg-24\">\n<div class=\"wp-block-noor-blocks-column col nb-column\">\n<div class=\"wp-block-noor-blocks-group nb-group nb-group-div d-flex flex-column align-items-center row-gap-24  px-24 py-32 pattern-simple-card shadow h-100 position-relative\">\n<div class=\"wp-block-noor-blocks-group nb-group nb-group-div  px-0 pt-24 pb-20 simple-card__image\" style=\"background-image:url(https:\/\/westinbuss.noordev.se\/wp-content\/uploads\/2023\/11\/Polygon-2.svg);background-size:contain;background-repeat:no-repeat;background-position:right\">\n<picture class=\"wp-block-noor-blocks-image nb-image\"><img decoding=\"async\" src=\"https:\/\/westinbuss.noordev.se\/wp-content\/uploads\/2026\/02\/DSC9006-scaled.jpeg\" class=\"object-fit-none object-position-center\"\/><\/picture>\n<\/div>\n\n\n\n<div class=\"wp-block-noor-blocks-group nb-group nb-group-div d-flex flex-column align-items-center row-gap-24  flex-fill\">\n<div class=\"wp-block-noor-blocks-group nb-group nb-group-div  row-gap-24 flex-fill\">\n<h4 class=\"wp-block-noor-blocks-heading nb-heading nb-heading-h4 mb-24  text-center\">Bus for 16 passengers<\/h4>\n\n\n\n<p class=\"wp-block-noor-blocks-paragraph nb-paragraph mb-0  text-center\">A <a href=\"https:\/\/westinbuss.noordev.se\/en\/our-coaches\/bus-for-16-passengers\/\">bus for 16 passengers<\/a> is perfect for small groups looking for comfortable transportation.<\/p>\n<\/div>\n\n\n\n<a href=\"https:\/\/westinbuss.noordev.se\/en\/our-coaches\/bus-for-16-passengers\/\" target=\"_self\" rel=\"noopener\" class=\"wp-block-noor-blocks-button nb-btn nb-btn-primary bg-primary column-gap-8 px-24 py-8 text-white bg-hover-primary-dark text-hover-white bg-active-primary-dark text-active-white has-hover-overlay-color has-active-overlay-color has-hover-overlay-opacity has-active-overlay-opacity stretched-link position-unset\" style=\"--hover-overlay-color:white;--active-overlay-color:white;--hover-overlay-opacity:0%;--active-overlay-opacity:0%;border-radius:36px\"><span class=\"nb-button-overlay\"><\/span><span class=\"nb-btn-text\">Read more<\/span><\/a>\n<\/div>\n<\/div>\n<\/div>\n\n\n\n<div class=\"wp-block-noor-blocks-column col nb-column\">\n<div class=\"wp-block-noor-blocks-group nb-group nb-group-div d-flex flex-column align-items-center row-gap-24  px-24 py-32 pattern-simple-card shadow h-100 position-relative\">\n<div class=\"wp-block-noor-blocks-group nb-group nb-group-div  px-0 pt-24 pb-20 simple-card__image\" style=\"background-image:url(https:\/\/westinbuss.noordev.se\/wp-content\/uploads\/2023\/11\/Polygon-2.svg);background-size:contain;background-repeat:no-repeat;background-position:right\">\n<picture class=\"wp-block-noor-blocks-image nb-image\"><img decoding=\"async\" src=\"https:\/\/westinbuss.noordev.se\/wp-content\/uploads\/2026\/02\/DSC9020-scaled.jpeg\" class=\"object-fit-none object-position-center\"\/><\/picture>\n<\/div>\n\n\n\n<div class=\"wp-block-noor-blocks-group nb-group nb-group-div d-flex flex-column align-items-center row-gap-24  flex-fill\">\n<div class=\"wp-block-noor-blocks-group nb-group nb-group-div  row-gap-24 flex-fill\">\n<h4 class=\"wp-block-noor-blocks-heading nb-heading nb-heading-h4 mb-24  text-center\">Bus for 34 passengers<\/h4>\n\n\n\n<p class=\"wp-block-noor-blocks-paragraph nb-paragraph mb-0  text-center\">Our compact <a href=\"https:\/\/westinbuss.noordev.se\/en\/our-coaches\/bus-for-34-passengers\/\">bus for 34 passengers<\/a> offers all the comfort and functionality you need.<\/p>\n<\/div>\n\n\n\n<a href=\"https:\/\/westinbuss.noordev.se\/en\/our-coaches\/bus-for-34-passengers\/\" target=\"_self\" rel=\"noopener\" class=\"wp-block-noor-blocks-button nb-btn nb-btn-primary bg-primary column-gap-8 px-24 py-8 text-white bg-hover-primary-dark text-hover-white bg-active-primary-dark text-active-white has-hover-overlay-color has-active-overlay-color has-hover-overlay-opacity has-active-overlay-opacity stretched-link position-unset\" style=\"--hover-overlay-color:white;--active-overlay-color:white;--hover-overlay-opacity:0%;--active-overlay-opacity:0%;border-radius:36px\"><span class=\"nb-button-overlay\"><\/span><span class=\"nb-btn-text\">Read more<\/span><\/a>\n<\/div>\n<\/div>\n<\/div>\n\n\n\n<div class=\"wp-block-noor-blocks-column col nb-column\">\n<div class=\"wp-block-noor-blocks-group nb-group nb-group-div d-flex flex-column align-items-center row-gap-24  px-24 py-32 pattern-simple-card shadow h-100 position-relative\">\n<div class=\"wp-block-noor-blocks-group nb-group nb-group-div  px-0 pt-24 pb-20 simple-card__image\" style=\"background-image:url(https:\/\/westinbuss.noordev.se\/wp-content\/uploads\/2023\/11\/Polygon-2.svg);background-size:contain;background-repeat:no-repeat;background-position:right\">\n<picture class=\"wp-block-noor-blocks-image nb-image\"><img decoding=\"async\" src=\"https:\/\/westinbuss.noordev.se\/wp-content\/uploads\/2026\/02\/DSC9035-scaled.jpeg\" class=\"object-fit-none object-position-center\"\/><\/picture>\n<\/div>\n\n\n\n<div class=\"wp-block-noor-blocks-group nb-group nb-group-div d-flex flex-column align-items-center row-gap-24  flex-fill\">\n<div class=\"wp-block-noor-blocks-group nb-group nb-group-div  row-gap-24 flex-fill\">\n<h4 class=\"wp-block-noor-blocks-heading nb-heading nb-heading-h4 mb-24  text-center\">Bus for 49 passengers<\/h4>\n\n\n\n<p class=\"wp-block-noor-blocks-paragraph nb-paragraph mb-0  text-center\">Our fully equipped, standard sized <a href=\"https:\/\/westinbuss.noordev.se\/en\/our-coaches\/bus-for-49-passengers\/\">bus for 49 passengers<\/a> ensures a complete transportation experience<\/p>\n<\/div>\n\n\n\n<a href=\"https:\/\/westinbuss.noordev.se\/en\/our-coaches\/bus-for-49-passengers\/\" target=\"_self\" rel=\"noopener\" class=\"wp-block-noor-blocks-button nb-btn nb-btn-primary bg-primary column-gap-8 px-24 py-8 text-white bg-hover-primary-dark text-hover-white bg-active-primary-dark text-active-white has-hover-overlay-color has-active-overlay-color has-hover-overlay-opacity has-active-overlay-opacity stretched-link position-unset\" style=\"--hover-overlay-color:white;--active-overlay-color:white;--hover-overlay-opacity:0%;--active-overlay-opacity:0%;border-radius:36px\"><span class=\"nb-button-overlay\"><\/span><span class=\"nb-btn-text\">Read more<\/span><\/a>\n<\/div>\n<\/div>\n<\/div>\n\n\n\n<div class=\"wp-block-noor-blocks-column col nb-column\">\n<div class=\"wp-block-noor-blocks-group nb-group nb-group-div d-flex flex-column align-items-center row-gap-24  px-24 py-32 pattern-simple-card shadow h-100 position-relative\">\n<div class=\"wp-block-noor-blocks-group nb-group nb-group-div  px-0 pt-24 pb-20 simple-card__image\" style=\"background-image:url(https:\/\/westinbuss.noordev.se\/wp-content\/uploads\/2023\/11\/Polygon-2.svg);background-size:contain;background-repeat:no-repeat;background-position:right\">\n<picture class=\"wp-block-noor-blocks-image nb-image\"><img decoding=\"async\" src=\"https:\/\/westinbuss.noordev.se\/wp-content\/uploads\/2026\/02\/DSC9035-scaled.jpeg\" class=\"object-fit-none object-position-center\"\/><\/picture>\n<\/div>\n\n\n\n<div class=\"wp-block-noor-blocks-group nb-group nb-group-div d-flex flex-column align-items-center row-gap-24  flex-fill\">\n<div class=\"wp-block-noor-blocks-group nb-group nb-group-div  row-gap-24 flex-fill\">\n<h4 class=\"wp-block-noor-blocks-heading nb-heading nb-heading-h4 mb-24  text-center\">Bus f\u00f6r 57 passengers<\/h4>\n\n\n\n<p class=\"wp-block-noor-blocks-paragraph nb-paragraph mb-0  text-center\">When traveling in larger groups, our <a href=\"https:\/\/westinbuss.noordev.se\/en\/our-coaches\/bus-for-57-passengers\/\">bus for 57 passengers<\/a> is perfect. With generous luggage space.<\/p>\n<\/div>\n\n\n\n<a href=\"https:\/\/westinbuss.noordev.se\/en\/our-coaches\/bus-for-57-passengers\/\" target=\"_self\" rel=\"noopener\" class=\"wp-block-noor-blocks-button nb-btn nb-btn-primary bg-primary column-gap-8 px-24 py-8 text-white bg-hover-primary-dark text-hover-white bg-active-primary-dark text-active-white has-hover-overlay-color has-active-overlay-color has-hover-overlay-opacity has-active-overlay-opacity stretched-link position-unset\" style=\"--hover-overlay-color:white;--active-overlay-color:white;--hover-overlay-opacity:0%;--active-overlay-opacity:0%;border-radius:36px\"><span class=\"nb-button-overlay\"><\/span><span class=\"nb-btn-text\">Read more<\/span><\/a>\n<\/div>\n<\/div>\n<\/div>\n<\/div>\n<\/div>\n<\/section>\n\n\n\n<section class=\"wp-block-noor-blocks-section nb-section position-relative  pt-64 bg-secondary-light fancy-cards\" id=\"fancy-cards\">\n<div class=\"wp-block-noor-blocks-container nb-container container\">\n<div class=\"wp-block-noor-blocks-row nb-row row justify-content-center\">\n<div class=\"wp-block-noor-blocks-column col nb-column col-12 col-md-10 col-lg-6\">\n<div class=\"wp-block-noor-blocks-group nb-group nb-group-div d-flex flex-column align-items-center row-gap-32 row-gap-md-40  pb-48\">\n<div class=\"wp-block-noor-blocks-group nb-group nb-group-div\">\n<h2 class=\"wp-block-noor-blocks-heading nb-heading nb-heading-h2 mb-32  text-center underlined-heading underlined-heading__center\">Get in touch with us<\/h2>\n\n\n\n<p class=\"wp-block-noor-blocks-paragraph nb-paragraph text-center\">Do you have questions or concerns about renting a bus in V\u00e4ster\u00e5s? Get in touch with us today to learn more about our prices and bus options.<\/p>\n<\/div>\n\n\n\n<div class=\"wp-block-noor-blocks-group nb-group nb-group-div d-flex column-gap-24\">\n<a href=\"https:\/\/westinbuss.noordev.se\/en\/contact-us\/\" target=\"_self\" rel=\"noopener\" class=\"wp-block-noor-blocks-button nb-btn nb-btn-custom bg-primary column-gap-8  px-24 py-8 text-white bg-hover-primary-dark text-hover-white bg-active-primary-dark text-active-white has-hover-overlay-color has-active-overlay-color has-hover-overlay-opacity has-active-overlay-opacity\" style=\"--hover-overlay-color:white;--active-overlay-color:white;--hover-overlay-opacity:0%;--active-overlay-opacity:0%;border-radius:36px\"><span class=\"nb-button-overlay\"><\/span><span class=\"nb-btn-text\">Contact us<\/span><\/a>\n<\/div>\n<\/div>\n<\/div>\n<\/div>\n<\/div>\n<\/section>\n\n\n\n<section class=\"wp-block-noor-blocks-section nb-section position-relative  py-64 py-lg-96 bg-white pattern-two-column-content\">\n<div class=\"wp-block-noor-blocks-container nb-container container\">\n<div class=\"wp-block-noor-blocks-two-column-content nb-two-column-content row row-cols-1 row-cols-lg-2 row-gap-32\">\n<div class=\"wp-block-noor-blocks-column-content nb-column-content col d-flex flex-column col-12 col-sm-12 col-md-6 col-lg-6 justify-content-center offset-0 offset-sm-0 offset-md-0 offset-lg-0 flex-fill\">\n<picture class=\"wp-block-noor-blocks-image nb-image shadow\" style=\"height:100%;max-height:400px\"><img decoding=\"async\" src=\"https:\/\/westinbuss.noordev.se\/wp-content\/uploads\/2023\/11\/vasteras-2.jpg\" class=\"object-fit-cover object-position-center\"\/><\/picture>\n<\/div>\n\n\n\n<div class=\"wp-block-noor-blocks-column-content nb-column-content col d-flex flex-column col-12 col-sm-12 col-md-6 col-lg-5 justify-content-center offset-0 offset-sm-0 offset-md-0 offset-lg-1\">\n<div class=\"wp-block-noor-blocks-group nb-group nb-group-div d-flex flex-column align-items-start\">\n<h2 class=\"wp-block-noor-blocks-heading nb-heading nb-heading-h2 mb-32  underlined-heading\">More about V\u00e4ster\u00e5s<\/h2>\n\n\n\n<p>V\u00e4ster\u00e5s is a versatile city located in M\u00e4lardalen. With its long history and modern charm, the city offers something for all visitors. The city is rich in cultural heritage with historical sites such as V\u00e4ster\u00e5s Castle, a well-preserved medieval castle that offers fascinating tours and beautiful views of Lake M\u00e4laren.<\/p>\n\n\n\n<p>V\u00e4ster\u00e5s also has a vibrant city life with many shopping opportunities, restaurants and nightlife venues. Large shopping centers like Erikslund shopping center offer a wide range of shops and entertainment.<\/p>\n\n\n\n<p>For nature lovers, there are beautiful green areas to explore, such as Dj\u00e4kneberget &#8211; a scenic spot for walks and picnics. In addition, V\u00e4ster\u00e5s is surrounded by water and offers opportunities for boating and fishing on Lake M\u00e4laren.<\/p>\n<\/div>\n<\/div>\n<\/div>\n<\/div>\n<\/section>\n","protected":false},"excerpt":{"rendered":"","protected":false},"author":1,"featured_media":1679,"parent":0,"menu_order":2,"comment_status":"closed","ping_status":"closed","template":"","meta":{"inline_featured_image":false,"footnotes":""},"class_list":["post-1871","page","type-page","status-publish","has-post-thumbnail","hentry"],"yoast_head":"<!-- This site is optimized with the Yoast SEO plugin v27.3 - https:\/\/yoast.com\/product\/yoast-seo-wordpress\/ -->\n<title>Rent a Bus in V\u00e4ster\u00e5s | Westin Buss<\/title>\n<meta name=\"description\" content=\"Rent a bus in V\u00e4ster\u00e5s? Explore our range of buses for different groups. Contact us today!\" \/>\n<meta name=\"robots\" content=\"index, follow, max-snippet:-1, max-image-preview:large, max-video-preview:-1\" \/>\n<link rel=\"canonical\" href=\"https:\/\/westinbuss.noordev.se\/en\/rent-a-bus-in-vasteras\/\" \/>\n<meta property=\"og:locale\" content=\"en_US\" \/>\n<meta property=\"og:type\" content=\"article\" \/>\n<meta property=\"og:title\" content=\"Rent a Bus in V\u00e4ster\u00e5s | Westin Buss\" \/>\n<meta property=\"og:description\" content=\"Rent a bus in V\u00e4ster\u00e5s? Explore our range of buses for different groups. Contact us today!\" \/>\n<meta property=\"og:url\" content=\"https:\/\/westinbuss.noordev.se\/en\/rent-a-bus-in-vasteras\/\" \/>\n<meta property=\"og:site_name\" content=\"Westin Buss\" \/>\n<meta property=\"article:modified_time\" content=\"2026-03-13T09:28:00+00:00\" \/>\n<meta property=\"og:image\" content=\"https:\/\/westinbuss.noordev.se\/wp-content\/uploads\/2023\/11\/vasteras-2.jpg\" \/>\n\t<meta property=\"og:image:width\" content=\"952\" \/>\n\t<meta property=\"og:image:height\" content=\"536\" \/>\n\t<meta property=\"og:image:type\" content=\"image\/jpeg\" \/>\n<meta name=\"twitter:card\" content=\"summary_large_image\" \/>\n<meta name=\"twitter:label1\" content=\"Est. reading time\" \/>\n\t<meta name=\"twitter:data1\" content=\"3 minutes\" \/>\n<!-- \/ Yoast SEO plugin. -->","yoast_head_json":{"title":"Rent a Bus in V\u00e4ster\u00e5s | Westin Buss","description":"Rent a bus in V\u00e4ster\u00e5s? Explore our range of buses for different groups. Contact us today!","robots":{"index":"index","follow":"follow","max-snippet":"max-snippet:-1","max-image-preview":"max-image-preview:large","max-video-preview":"max-video-preview:-1"},"canonical":"https:\/\/westinbuss.noordev.se\/en\/rent-a-bus-in-vasteras\/","og_locale":"en_US","og_type":"article","og_title":"Rent a Bus in V\u00e4ster\u00e5s | Westin Buss","og_description":"Rent a bus in V\u00e4ster\u00e5s? Explore our range of buses for different groups. Contact us today!","og_url":"https:\/\/westinbuss.noordev.se\/en\/rent-a-bus-in-vasteras\/","og_site_name":"Westin Buss","article_modified_time":"2026-03-13T09:28:00+00:00","og_image":[{"width":952,"height":536,"url":"https:\/\/westinbuss.noordev.se\/wp-content\/uploads\/2023\/11\/vasteras-2.jpg","type":"image\/jpeg"}],"twitter_card":"summary_large_image","twitter_misc":{"Est. reading time":"3 minutes"},"schema":{"@context":"https:\/\/schema.org","@graph":[{"@type":"WebPage","@id":"https:\/\/westinbuss.noordev.se\/en\/rent-a-bus-in-vasteras\/","url":"https:\/\/westinbuss.noordev.se\/en\/rent-a-bus-in-vasteras\/","name":"Rent a Bus in V\u00e4ster\u00e5s | Westin Buss","isPartOf":{"@id":"https:\/\/westinbuss.noordev.se\/en\/#website"},"primaryImageOfPage":{"@id":"https:\/\/westinbuss.noordev.se\/en\/rent-a-bus-in-vasteras\/#primaryimage"},"image":{"@id":"https:\/\/westinbuss.noordev.se\/en\/rent-a-bus-in-vasteras\/#primaryimage"},"thumbnailUrl":"https:\/\/westinbuss.noordev.se\/wp-content\/uploads\/2023\/11\/vasteras-2.jpg","datePublished":"2023-11-24T09:21:28+00:00","dateModified":"2026-03-13T09:28:00+00:00","description":"Rent a bus in V\u00e4ster\u00e5s? Explore our range of buses for different groups. Contact us today!","breadcrumb":{"@id":"https:\/\/westinbuss.noordev.se\/en\/rent-a-bus-in-vasteras\/#breadcrumb"},"inLanguage":"en-US","potentialAction":[{"@type":"ReadAction","target":["https:\/\/westinbuss.noordev.se\/en\/rent-a-bus-in-vasteras\/"]}]},{"@type":"ImageObject","inLanguage":"en-US","@id":"https:\/\/westinbuss.noordev.se\/en\/rent-a-bus-in-vasteras\/#primaryimage","url":"https:\/\/westinbuss.noordev.se\/wp-content\/uploads\/2023\/11\/vasteras-2.jpg","contentUrl":"https:\/\/westinbuss.noordev.se\/wp-content\/uploads\/2023\/11\/vasteras-2.jpg","width":952,"height":536},{"@type":"BreadcrumbList","@id":"https:\/\/westinbuss.noordev.se\/en\/rent-a-bus-in-vasteras\/#breadcrumb","itemListElement":[{"@type":"ListItem","position":1,"name":"Home","item":"https:\/\/westinbuss.noordev.se\/en\/"},{"@type":"ListItem","position":2,"name":"Rent a bus V\u00e4ster\u00e5s"}]},{"@type":"WebSite","@id":"https:\/\/westinbuss.noordev.se\/en\/#website","url":"https:\/\/westinbuss.noordev.se\/en\/","name":"Westin Buss","description":"Customized and safe charter bus service in Stockholm | Westin Buss","publisher":{"@id":"https:\/\/westinbuss.noordev.se\/en\/#organization"},"potentialAction":[{"@type":"SearchAction","target":{"@type":"EntryPoint","urlTemplate":"https:\/\/westinbuss.noordev.se\/en\/?s={search_term_string}"},"query-input":{"@type":"PropertyValueSpecification","valueRequired":true,"valueName":"search_term_string"}}],"inLanguage":"en-US"},{"@type":"Organization","@id":"https:\/\/westinbuss.noordev.se\/en\/#organization","name":"Westin Buss","url":"https:\/\/westinbuss.noordev.se\/en\/","logo":{"@type":"ImageObject","inLanguage":"en-US","@id":"https:\/\/westinbuss.noordev.se\/en\/#\/schema\/logo\/image\/","url":"https:\/\/westinbuss.noordev.se\/wp-content\/uploads\/2023\/11\/b3be85f32ab0824248ca0db09b613cd7.png","contentUrl":"https:\/\/westinbuss.noordev.se\/wp-content\/uploads\/2023\/11\/b3be85f32ab0824248ca0db09b613cd7.png","width":1920,"height":481,"caption":"Westin Buss"},"image":{"@id":"https:\/\/westinbuss.noordev.se\/en\/#\/schema\/logo\/image\/"}}]}},"_links":{"self":[{"href":"https:\/\/westinbuss.noordev.se\/en\/wp-json\/wp\/v2\/pages\/1871","targetHints":{"allow":["GET"]}}],"collection":[{"href":"https:\/\/westinbuss.noordev.se\/en\/wp-json\/wp\/v2\/pages"}],"about":[{"href":"https:\/\/westinbuss.noordev.se\/en\/wp-json\/wp\/v2\/types\/page"}],"author":[{"embeddable":true,"href":"https:\/\/westinbuss.noordev.se\/en\/wp-json\/wp\/v2\/users\/1"}],"replies":[{"embeddable":true,"href":"https:\/\/westinbuss.noordev.se\/en\/wp-json\/wp\/v2\/comments?post=1871"}],"version-history":[{"count":11,"href":"https:\/\/westinbuss.noordev.se\/en\/wp-json\/wp\/v2\/pages\/1871\/revisions"}],"predecessor-version":[{"id":3305,"href":"https:\/\/westinbuss.noordev.se\/en\/wp-json\/wp\/v2\/pages\/1871\/revisions\/3305"}],"wp:featuredmedia":[{"embeddable":true,"href":"https:\/\/westinbuss.noordev.se\/en\/wp-json\/wp\/v2\/media\/1679"}],"wp:attachment":[{"href":"https:\/\/westinbuss.noordev.se\/en\/wp-json\/wp\/v2\/media?parent=1871"}],"curies":[{"name":"wp","href":"https:\/\/api.w.org\/{rel}","templated":true}]}}